{"id":7406,"date":"2025-01-22T10:54:53","date_gmt":"2025-01-22T10:54:53","guid":{"rendered":"https:\/\/foodbynature.org\/dk\/?post_type=product&#038;p=7406"},"modified":"2026-03-20T11:26:03","modified_gmt":"2026-03-20T11:26:03","slug":"moerk-75-chimore","status":"publish","type":"product","link":"https:\/\/foodbynature.org\/dk\/product\/moerk-75-chimore\/","title":{"rendered":"M\u00f8rk, 75%, Chimor\u00e9"},"content":{"rendered":"<p>75% Chimor\u00e9 er meget let at elske for alle, der bryder sig om m\u00f8rk chokolade.<br \/>\nDen har mange smagstoner, og er uden bitterhed.<br \/>\nPS: B\u00e5ndet med varebetegnelse &#8220;VILD CHOKOLADE&#8221; osv. kan tages af, s\u00e5 man kan have den fulde gl\u00e6de af maleriet p\u00e5 emballagen.<br \/>\nDu kan se mere om kunstneren og hans v\u00e6rker her: www.koquihandal.com\/artworks.php<\/p>\n<p>Mild m\u00f8rk chokolade med smagstoner af regnskovens blomster.<br \/>\n75% Vild Chokolade svarer i bitterhed til 60% &#8220;normal&#8221; chokolade.<br \/>\nFremstillet af kakao fra regnskovens vilde og oprindelige kakaotr\u00e6er.<br \/>\n100% vegansk, og fri for laktose.<\/p>\n<p>Ingredienser:<br \/>\nKakao fra vilde kakaotr\u00e6er. R\u00f8rsukker. Lecitin fra <strong>soja<\/strong>.<br \/>\nLecitin er et naturligt stof, der er med til at regulere chokoladens konsistens.<br \/>\nIngen e-numre.<br \/>\nKakaoens oprindelse: Chimor\u00e9<br \/>\nV\u00e6gt: 60 g<\/p>\n<p>N\u00e6ringsindhold pr. 100 g<br \/>\nEnergi kCal\/kJ\u00a0 536\/2219<br \/>\nFedt, g\u00a0 \u00a0 \u00a0 \u00a0 \u00a0 \u00a0 \u00a0 \u00a0 \u00a0 \u00a0 \u00a0 \u00a0 \u00a0 \u00a0 \u00a0 \u00a0 \u00a0 \u00a0 \u00a0 \u00a0 \u00a0 \u00a0 \u00a0 \u00a0 \u00a0 38<br \/>\nHeraf m\u00e6ttede fedtsyrer, g\u00a0 \u00a0 \u00a0 \u00a0 \u00a0 \u00a0 21<br \/>\nKulhydrat, g\u00a0 \u00a0 \u00a0 \u00a0 \u00a0 \u00a0 \u00a0 \u00a0 \u00a0 \u00a0 \u00a0 \u00a0 \u00a0 \u00a0 \u00a0 \u00a0 \u00a0 \u00a0 \u00a0 \u00a0 44<br \/>\nHeraf sukkerstoffer\u00a0 \u00a0 \u00a0 \u00a0 \u00a0 \u00a0 \u00a0 \u00a0 \u00a0 \u00a0 \u00a0 \u00a0 \u00a0 \u00a031<br \/>\nProtein, g\u00a0 \u00a0 \u00a0 \u00a0 \u00a0 \u00a0 \u00a0 \u00a0 \u00a0 \u00a0 \u00a0 \u00a0 \u00a0 \u00a0 \u00a0 \u00a0 \u00a0 \u00a0 \u00a0 \u00a0 \u00a0 \u00a0 \u00a0 10<br \/>\nSalt, g\u00a0 \u00a0 \u00a0 \u00a0 \u00a0 \u00a0 \u00a0 \u00a0 \u00a0 \u00a0 \u00a0 \u00a0 \u00a0 \u00a0 \u00a0 \u00a0 \u00a0 \u00a0 \u00a0 \u00a0 \u00a0 \u00a0 \u00a0 \u00a0 \u00a0 \u00a0 0,02<\/p>\n","protected":false},"excerpt":{"rendered":"<p>Mild m\u00f8rk chokolade fra Chimor\u00e9 omr\u00e5det<\/p>\n<p>75%<\/p>\n<p>60 g<\/p>\n","protected":false},"featured_media":7712,"template":"","meta":{"site-sidebar-layout":"default","site-content-layout":"","ast-site-content-layout":"default","site-content-style":"default","site-sidebar-style":"default","ast-global-header-display":"","ast-banner-title-visibility":"","ast-main-header-display":"","ast-hfb-above-header-display":"","ast-hfb-below-header-display":"","ast-hfb-mobile-header-display":"","site-post-title":"","ast-breadcrumbs-content":"","ast-featured-img":"","footer-sml-layout":"","theme-transparent-header-meta":"default","adv-header-id-meta":"","stick-header-meta":"","header-above-stick-meta":"","header-main-stick-meta":"","header-below-stick-meta":"","astra-migrate-meta-layouts":"set","ast-page-background-enabled":"default","ast-page-background-meta":{"desktop":{"background-color":"","background-image":"","background-repeat":"repeat","background-position":"center center","background-size":"auto","background-attachment":"scroll","background-type":"","background-media":"","overlay-type":"","overlay-color":"","overlay-opacity":"","overlay-gradient":""},"tablet":{"background-color":"","background-image":"","background-repeat":"repeat","background-position":"center center","background-size":"auto","background-attachment":"scroll","background-type":"","background-media":"","overlay-type":"","overlay-color":"","overlay-opacity":"","overlay-gradient":""},"mobile":{"background-color":"","background-image":"","background-repeat":"repeat","background-position":"center center","background-size":"auto","background-attachment":"scroll","background-type":"","background-media":"","overlay-type":"","overlay-color":"","overlay-opacity":"","overlay-gradient":""}},"ast-content-background-meta":{"desktop":{"background-color":"var(--ast-global-color-5)","background-image":"","background-repeat":"repeat","background-position":"center center","background-size":"auto","background-attachment":"scroll","background-type":"","background-media":"","overlay-type":"","overlay-color":"","overlay-opacity":"","overlay-gradient":""},"tablet":{"background-color":"var(--ast-global-color-5)","background-image":"","background-repeat":"repeat","background-position":"center center","background-size":"auto","background-attachment":"scroll","background-type":"","background-media":"","overlay-type":"","overlay-color":"","overlay-opacity":"","overlay-gradient":""},"mobile":{"background-color":"var(--ast-global-color-5)","background-image":"","background-repeat":"repeat","background-position":"center center","background-size":"auto","background-attachment":"scroll","background-type":"","background-media":"","overlay-type":"","overlay-color":"","overlay-opacity":"","overlay-gradient":""}}},"product_cat":[22],"product_tag":[33,38,37],"class_list":{"0":"post-7406","1":"product","2":"type-product","3":"status-publish","4":"has-post-thumbnail","6":"product_cat-vildchokolade","7":"product_tag-33","8":"product_tag-chimore","9":"product_tag-moerk-vild-chokolade","10":"desktop-align-left","11":"tablet-align-left","12":"mobile-align-left","14":"first","15":"instock","16":"taxable","17":"shipping-taxable","18":"purchasable","19":"product-type-simple"},"yoast_head":"<!-- This site is optimized with the Yoast SEO plugin v24.6 - https:\/\/yoast.com\/wordpress\/plugins\/seo\/ -->\n<title>M\u00f8rk, 75%, Chimor\u00e9 -<\/title>\n<meta name=\"description\" content=\"Vild m\u00f8rk chokolade, 75%, fra Chimor\u00e9 omr\u00e5det. Smagen er mild, med toner af regnskovens blomster.\" \/>\n<meta name=\"robots\" content=\"index, follow, max-snippet:-1, max-image-preview:large, max-video-preview:-1\" \/>\n<link rel=\"canonical\" href=\"https:\/\/foodbynature.org\/dk\/product\/moerk-75-chimore\/\" \/>\n<meta property=\"og:locale\" content=\"da_DK\" \/>\n<meta property=\"og:type\" content=\"article\" \/>\n<meta property=\"og:title\" content=\"M\u00f8rk, 75%, Chimor\u00e9 -\" \/>\n<meta property=\"og:description\" content=\"Vild m\u00f8rk chokolade, 75%, fra Chimor\u00e9 omr\u00e5det. Smagen er mild, med toner af regnskovens blomster.\" \/>\n<meta property=\"og:url\" content=\"https:\/\/foodbynature.org\/dk\/product\/moerk-75-chimore\/\" \/>\n<meta property=\"article:modified_time\" content=\"2026-03-20T11:26:03+00:00\" \/>\n<meta property=\"og:image\" content=\"https:\/\/foodbynature.org\/dk\/wp-content\/uploads\/2025\/01\/75-Chimore-Dec-2025.jpg\" \/>\n\t<meta property=\"og:image:width\" content=\"740\" \/>\n\t<meta property=\"og:image:height\" content=\"870\" \/>\n\t<meta property=\"og:image:type\" content=\"image\/jpeg\" \/>\n<meta name=\"twitter:card\" content=\"summary_large_image\" \/>\n<meta name=\"twitter:label1\" content=\"Estimeret l\u00e6setid\" \/>\n\t<meta name=\"twitter:data1\" content=\"1 minut\" \/>\n<script type=\"application\/ld+json\" class=\"yoast-schema-graph\">{\"@context\":\"https:\/\/schema.org\",\"@graph\":[{\"@type\":\"WebPage\",\"@id\":\"https:\/\/foodbynature.org\/dk\/product\/moerk-75-chimore\/\",\"url\":\"https:\/\/foodbynature.org\/dk\/product\/moerk-75-chimore\/\",\"name\":\"M\u00f8rk, 75%, Chimor\u00e9 -\",\"isPartOf\":{\"@id\":\"https:\/\/foodbynature.org\/dk\/#website\"},\"primaryImageOfPage\":{\"@id\":\"https:\/\/foodbynature.org\/dk\/product\/moerk-75-chimore\/#primaryimage\"},\"image\":{\"@id\":\"https:\/\/foodbynature.org\/dk\/product\/moerk-75-chimore\/#primaryimage\"},\"thumbnailUrl\":\"https:\/\/foodbynature.org\/dk\/wp-content\/uploads\/2025\/01\/75-Chimore-Dec-2025.jpg\",\"datePublished\":\"2025-01-22T10:54:53+00:00\",\"dateModified\":\"2026-03-20T11:26:03+00:00\",\"description\":\"Vild m\u00f8rk chokolade, 75%, fra Chimor\u00e9 omr\u00e5det. Smagen er mild, med toner af regnskovens blomster.\",\"breadcrumb\":{\"@id\":\"https:\/\/foodbynature.org\/dk\/product\/moerk-75-chimore\/#breadcrumb\"},\"inLanguage\":\"da-DK\",\"potentialAction\":[{\"@type\":\"ReadAction\",\"target\":[\"https:\/\/foodbynature.org\/dk\/product\/moerk-75-chimore\/\"]}]},{\"@type\":\"ImageObject\",\"inLanguage\":\"da-DK\",\"@id\":\"https:\/\/foodbynature.org\/dk\/product\/moerk-75-chimore\/#primaryimage\",\"url\":\"https:\/\/foodbynature.org\/dk\/wp-content\/uploads\/2025\/01\/75-Chimore-Dec-2025.jpg\",\"contentUrl\":\"https:\/\/foodbynature.org\/dk\/wp-content\/uploads\/2025\/01\/75-Chimore-Dec-2025.jpg\",\"width\":740,\"height\":870},{\"@type\":\"BreadcrumbList\",\"@id\":\"https:\/\/foodbynature.org\/dk\/product\/moerk-75-chimore\/#breadcrumb\",\"itemListElement\":[{\"@type\":\"ListItem\",\"position\":1,\"name\":\"Home\",\"item\":\"https:\/\/foodbynature.org\/dk\/\"},{\"@type\":\"ListItem\",\"position\":2,\"name\":\"Shop\",\"item\":\"https:\/\/foodbynature.org\/dk\/shop\/\"},{\"@type\":\"ListItem\",\"position\":3,\"name\":\"M\u00f8rk, 75%, Chimor\u00e9\"}]},{\"@type\":\"WebSite\",\"@id\":\"https:\/\/foodbynature.org\/dk\/#website\",\"url\":\"https:\/\/foodbynature.org\/dk\/\",\"name\":\"Food By Nature\",\"description\":\"\",\"publisher\":{\"@id\":\"https:\/\/foodbynature.org\/dk\/#organization\"},\"potentialAction\":[{\"@type\":\"SearchAction\",\"target\":{\"@type\":\"EntryPoint\",\"urlTemplate\":\"https:\/\/foodbynature.org\/dk\/?s={search_term_string}\"},\"query-input\":{\"@type\":\"PropertyValueSpecification\",\"valueRequired\":true,\"valueName\":\"search_term_string\"}}],\"inLanguage\":\"da-DK\"},{\"@type\":\"Organization\",\"@id\":\"https:\/\/foodbynature.org\/dk\/#organization\",\"name\":\"Food By Nature\",\"url\":\"https:\/\/foodbynature.org\/dk\/\",\"logo\":{\"@type\":\"ImageObject\",\"inLanguage\":\"da-DK\",\"@id\":\"https:\/\/foodbynature.org\/dk\/#\/schema\/logo\/image\/\",\"url\":\"https:\/\/foodbynature.org\/dk\/wp-content\/uploads\/2023\/03\/Asset-8.png\",\"contentUrl\":\"https:\/\/foodbynature.org\/dk\/wp-content\/uploads\/2023\/03\/Asset-8.png\",\"width\":718,\"height\":286,\"caption\":\"Food By Nature\"},\"image\":{\"@id\":\"https:\/\/foodbynature.org\/dk\/#\/schema\/logo\/image\/\"}}]}<\/script>\n<!-- \/ Yoast SEO plugin. -->","yoast_head_json":{"title":"M\u00f8rk, 75%, Chimor\u00e9 -","description":"Vild m\u00f8rk chokolade, 75%, fra Chimor\u00e9 omr\u00e5det. Smagen er mild, med toner af regnskovens blomster.","robots":{"index":"index","follow":"follow","max-snippet":"max-snippet:-1","max-image-preview":"max-image-preview:large","max-video-preview":"max-video-preview:-1"},"canonical":"https:\/\/foodbynature.org\/dk\/product\/moerk-75-chimore\/","og_locale":"da_DK","og_type":"article","og_title":"M\u00f8rk, 75%, Chimor\u00e9 -","og_description":"Vild m\u00f8rk chokolade, 75%, fra Chimor\u00e9 omr\u00e5det. Smagen er mild, med toner af regnskovens blomster.","og_url":"https:\/\/foodbynature.org\/dk\/product\/moerk-75-chimore\/","article_modified_time":"2026-03-20T11:26:03+00:00","og_image":[{"width":740,"height":870,"url":"https:\/\/foodbynature.org\/dk\/wp-content\/uploads\/2025\/01\/75-Chimore-Dec-2025.jpg","type":"image\/jpeg"}],"twitter_card":"summary_large_image","twitter_misc":{"Estimeret l\u00e6setid":"1 minut"},"schema":{"@context":"https:\/\/schema.org","@graph":[{"@type":"WebPage","@id":"https:\/\/foodbynature.org\/dk\/product\/moerk-75-chimore\/","url":"https:\/\/foodbynature.org\/dk\/product\/moerk-75-chimore\/","name":"M\u00f8rk, 75%, Chimor\u00e9 -","isPartOf":{"@id":"https:\/\/foodbynature.org\/dk\/#website"},"primaryImageOfPage":{"@id":"https:\/\/foodbynature.org\/dk\/product\/moerk-75-chimore\/#primaryimage"},"image":{"@id":"https:\/\/foodbynature.org\/dk\/product\/moerk-75-chimore\/#primaryimage"},"thumbnailUrl":"https:\/\/foodbynature.org\/dk\/wp-content\/uploads\/2025\/01\/75-Chimore-Dec-2025.jpg","datePublished":"2025-01-22T10:54:53+00:00","dateModified":"2026-03-20T11:26:03+00:00","description":"Vild m\u00f8rk chokolade, 75%, fra Chimor\u00e9 omr\u00e5det. Smagen er mild, med toner af regnskovens blomster.","breadcrumb":{"@id":"https:\/\/foodbynature.org\/dk\/product\/moerk-75-chimore\/#breadcrumb"},"inLanguage":"da-DK","potentialAction":[{"@type":"ReadAction","target":["https:\/\/foodbynature.org\/dk\/product\/moerk-75-chimore\/"]}]},{"@type":"ImageObject","inLanguage":"da-DK","@id":"https:\/\/foodbynature.org\/dk\/product\/moerk-75-chimore\/#primaryimage","url":"https:\/\/foodbynature.org\/dk\/wp-content\/uploads\/2025\/01\/75-Chimore-Dec-2025.jpg","contentUrl":"https:\/\/foodbynature.org\/dk\/wp-content\/uploads\/2025\/01\/75-Chimore-Dec-2025.jpg","width":740,"height":870},{"@type":"BreadcrumbList","@id":"https:\/\/foodbynature.org\/dk\/product\/moerk-75-chimore\/#breadcrumb","itemListElement":[{"@type":"ListItem","position":1,"name":"Home","item":"https:\/\/foodbynature.org\/dk\/"},{"@type":"ListItem","position":2,"name":"Shop","item":"https:\/\/foodbynature.org\/dk\/shop\/"},{"@type":"ListItem","position":3,"name":"M\u00f8rk, 75%, Chimor\u00e9"}]},{"@type":"WebSite","@id":"https:\/\/foodbynature.org\/dk\/#website","url":"https:\/\/foodbynature.org\/dk\/","name":"Food By Nature","description":"","publisher":{"@id":"https:\/\/foodbynature.org\/dk\/#organization"},"potentialAction":[{"@type":"SearchAction","target":{"@type":"EntryPoint","urlTemplate":"https:\/\/foodbynature.org\/dk\/?s={search_term_string}"},"query-input":{"@type":"PropertyValueSpecification","valueRequired":true,"valueName":"search_term_string"}}],"inLanguage":"da-DK"},{"@type":"Organization","@id":"https:\/\/foodbynature.org\/dk\/#organization","name":"Food By Nature","url":"https:\/\/foodbynature.org\/dk\/","logo":{"@type":"ImageObject","inLanguage":"da-DK","@id":"https:\/\/foodbynature.org\/dk\/#\/schema\/logo\/image\/","url":"https:\/\/foodbynature.org\/dk\/wp-content\/uploads\/2023\/03\/Asset-8.png","contentUrl":"https:\/\/foodbynature.org\/dk\/wp-content\/uploads\/2023\/03\/Asset-8.png","width":718,"height":286,"caption":"Food By Nature"},"image":{"@id":"https:\/\/foodbynature.org\/dk\/#\/schema\/logo\/image\/"}}]}},"_links":{"self":[{"href":"https:\/\/foodbynature.org\/dk\/wp-json\/wp\/v2\/product\/7406","targetHints":{"allow":["GET"]}}],"collection":[{"href":"https:\/\/foodbynature.org\/dk\/wp-json\/wp\/v2\/product"}],"about":[{"href":"https:\/\/foodbynature.org\/dk\/wp-json\/wp\/v2\/types\/product"}],"wp:featuredmedia":[{"embeddable":true,"href":"https:\/\/foodbynature.org\/dk\/wp-json\/wp\/v2\/media\/7712"}],"wp:attachment":[{"href":"https:\/\/foodbynature.org\/dk\/wp-json\/wp\/v2\/media?parent=7406"}],"wp:term":[{"taxonomy":"product_cat","embeddable":true,"href":"https:\/\/foodbynature.org\/dk\/wp-json\/wp\/v2\/product_cat?post=7406"},{"taxonomy":"product_tag","embeddable":true,"href":"https:\/\/foodbynature.org\/dk\/wp-json\/wp\/v2\/product_tag?post=7406"}],"curies":[{"name":"wp","href":"https:\/\/api.w.org\/{rel}","templated":true}]}}